{"id":229,"date":"2020-12-27T23:55:01","date_gmt":"2020-12-27T23:55:01","guid":{"rendered":"http:\/\/berguzar.com.tr\/?page_id=229"},"modified":"2020-12-27T23:57:21","modified_gmt":"2020-12-27T23:57:21","slug":"hakkimizda","status":"publish","type":"page","link":"http:\/\/berguzar.com.tr\/index.php\/tr\/hakkimizda\/","title":{"rendered":"Hakk\u0131m\u0131zda"},"content":{"rendered":"\n<p>Berguzar, T\u00fcrkiye&#8217;nin en b\u00fcy\u00fck ikinci \u00fcz\u00fcm \u00fcretim b\u00f6lgesi olan Denizli ilinde kurulmu\u015f bir \u015faraphanedir. 98841 da. alan \u00f6zellikle \u00c7al, Bekilli ve G\u00fcney b\u00f6lgesinde \u015farapl\u0131k \u00fcz\u00fcmler i\u00e7in kullan\u0131lmaktad\u0131r. B\u00f6lge 17 \u015farap imalathanesine sahiptir. \u015earaphane, \u00c7al il\u00e7esine ba\u011fl\u0131 Selcen mahallesinde 858 m rak\u0131mda ba\u011flar aras\u0131nda harika bir yere sahiptir.<\/p>\n\n\n\n<p>\u015earap i\u00e7in kullan\u0131lan t\u00fcm \u00fcz\u00fcmler 30 km yar\u0131\u00e7ap i\u00e7inde toplan\u0131r. Hasat edildikten birka\u00e7 saat sonra t\u00fcm \u00fcz\u00fcmler \u015farap i\u00e7in ezilir.<\/p>\n\n\n\n<p>\u015earap yap\u0131m\u0131nda bu \u00f6zel avantaja sahip olan b\u00f6lge, eski \u00e7a\u011flardan beri \u015faraplar\u0131 ile de \u00fcnlenmi\u015ftir. B\u00f6lgede bulunan t\u00fcm eserler, \u015farab\u0131n yap\u0131ld\u0131\u011f\u0131n\u0131 ve ba\u015fka b\u00f6lgelere de nakledildi\u011fini g\u00f6steriyor.<\/p>\n\n\n\n<p>\u015eirketimizin \u015farap\u00e7\u0131l\u0131k prati\u011finde, \u00c7alkaras\u0131, \u00d6k\u00fczg\u00f6z\u00fc, Bo\u011fazkere gibi geleneksel, yerel \u00fcz\u00fcmlerin bir kar\u0131\u015f\u0131m\u0131n\u0131 ve (atalar\u0131 buradan gelmi\u015f olabilen) modern, ithal \u00e7e\u015fitleri kullan\u0131lmaktad\u0131r. Cabernet Sauvignon, Merlot ve Syrah&#8217;\u0131n giderek artan k\u00fcresel k\u0131rm\u0131z\u0131 \u015farap portf\u00f6y\u00fc mevcuttur.<\/p>\n\n\n\n<p><\/p>\n\n\n\n<p>\u015earaphanenin kendisi stratejik olarak kuzey-g\u00fcney ekseninde \u00fcz\u00fcm ba\u011flar\u0131 aras\u0131nda yer almaktad\u0131r. \u0130\u00e7erideki \u0131s\u0131y\u0131 sabit tutmak ve \u015faraplar\u0131 d\u0131\u015f s\u0131cakl\u0131klardan kaynaklanan g\u00fcnl\u00fck \u0131s\u0131 de\u011fi\u015fimlerinden korumak i\u00e7in binada \u0131s\u0131 yal\u0131t\u0131ml\u0131 \u00e7imento mod\u00fcler paneller kullan\u0131ld\u0131. \u0130n\u015faat alan\u0131 900 m2<\/p>\n\n\n\n<p><\/p>\n\n\n\n<p>Makina parkurumuz, paslanmaz \u00e7elik tanklar, filtrasyon sistemleri, hasat ve \u00fcz\u00fcm i\u015fleme ekipmanlar\u0131n\u0131 i\u00e7ermektedir. Talep \u00fczerine temin edilebilmektedir.<\/p>\n","protected":false},"excerpt":{"rendered":"<p>Berguzar, T\u00fcrkiye&#8217;nin en b\u00fcy\u00fck ikinci \u00fcz\u00fcm \u00fcretim b\u00f6lgesi olan Denizli ilinde kurulmu\u015f bir \u015faraphanedir. 98841 da. alan \u00f6zellikle \u00c7al, Bekilli ve G\u00fcney b\u00f6lgesinde \u015farapl\u0131k \u00fcz\u00fcmler i\u00e7in kullan\u0131lmaktad\u0131r. B\u00f6lge 17 \u015farap imalathanesine sahiptir. \u015earaphane, \u00c7al il\u00e7esine ba\u011fl\u0131 Selcen mahallesinde 858 m rak\u0131mda ba\u011flar aras\u0131nda harika bir yere sahiptir. \u015earap i\u00e7in kullan\u0131lan t\u00fcm \u00fcz\u00fcmler 30 km yar\u0131\u00e7ap &hellip; <\/p>\n<p class=\"link-more\"><a href=\"http:\/\/berguzar.com.tr\/index.php\/tr\/hakkimizda\/\" class=\"more-link\">Continue reading<span class=\"screen-reader-text\"> &#8220;Hakk\u0131m\u0131zda&#8221;<\/span><\/a><\/p>\n","protected":false},"author":1,"featured_media":0,"parent":0,"menu_order":0,"comment_status":"closed","ping_status":"closed","template":"","meta":{"om_disable_all_campaigns":false,"_monsterinsights_skip_tracking":false,"_monsterinsights_sitenote_active":false,"_monsterinsights_sitenote_note":"","_monsterinsights_sitenote_category":0,"jetpack_post_was_ever_published":false},"jetpack_sharing_enabled":true,"jetpack_shortlink":"https:\/\/wp.me\/P95myZ-3H","_links":{"self":[{"href":"http:\/\/berguzar.com.tr\/index.php\/wp-json\/wp\/v2\/pages\/229"}],"collection":[{"href":"http:\/\/berguzar.com.tr\/index.php\/wp-json\/wp\/v2\/pages"}],"about":[{"href":"http:\/\/berguzar.com.tr\/index.php\/wp-json\/wp\/v2\/types\/page"}],"author":[{"embeddable":true,"href":"http:\/\/berguzar.com.tr\/index.php\/wp-json\/wp\/v2\/users\/1"}],"replies":[{"embeddable":true,"href":"http:\/\/berguzar.com.tr\/index.php\/wp-json\/wp\/v2\/comments?post=229"}],"version-history":[{"count":2,"href":"http:\/\/berguzar.com.tr\/index.php\/wp-json\/wp\/v2\/pages\/229\/revisions"}],"predecessor-version":[{"id":231,"href":"http:\/\/berguzar.com.tr\/index.php\/wp-json\/wp\/v2\/pages\/229\/revisions\/231"}],"wp:attachment":[{"href":"http:\/\/berguzar.com.tr\/index.php\/wp-json\/wp\/v2\/media?parent=229"}],"curies":[{"name":"wp","href":"https:\/\/api.w.org\/{rel}","templated":true}]}}