{"id":240,"date":"2018-08-18T08:15:42","date_gmt":"2018-08-18T08:15:42","guid":{"rendered":"https:\/\/berguzarwines.wordpress.com\/?page_id=4"},"modified":"2020-12-28T01:59:29","modified_gmt":"2020-12-28T01:59:29","slug":"ev","status":"publish","type":"page","link":"http:\/\/berguzar.com.tr\/index.php\/tr\/ev\/","title":{"rendered":"Ana sayfa"},"content":{"rendered":"<p>Berg\u00fczar \u015earap\u00e7\u0131l\u0131k sitesine ho\u015f geldiniz<\/p>\n<p>T\u00fcrkiye&#8217;de,<a href=\"https:\/\/en.wikipedia.org\/wiki\/Denizli\">\u00a0Denizli<\/a> ili Selcen \/\u00c7al b\u00f6lgesinde bulunan \u00a0bir \u015faraphaneyiz.<\/p>\n<p><a href=\"https:\/\/goo.gl\/maps\/1tvPZKmdtVQ2\">\u015earaphane<\/a>miz 880 metrenin \u00fczerinde rak\u0131mda yeralmaktad\u0131r. \u00dcz\u00fcm ba\u011flar\u0131 ile \u00e7evrili, \u015faraphanemizde i\u015flenen \u00fcz\u00fcmler \u00a0bize daha kaliteli ve verimli \u00fcr\u00fcn \u00fcretme imkan\u0131 var\u0131r \u00a0b\u00f6ylece bizim \u015faraplar benzersiz ve taze aromalar ile dopdolu olmas\u0131n\u0131 sa\u011flar.<\/p>\n<p>Biz Calkarasi, Misket, Okuzgozu yan\u0131nda \u00a0Merlot ve Cabernet gibi uluslararas\u0131 \u00e7e\u015fitler kullanarak k\u0131rm\u0131z\u0131 ve beyaz \u015faraplar yapmaktay\u0131z.<\/p>\n<div style=\"width: 525px;\" class=\"wp-video\"><!--[if lt IE 9]><script>document.createElement('video');<\/script><![endif]-->\n<video class=\"wp-video-shortcode\" id=\"video-240-1\" width=\"525\" height=\"297\" preload=\"metadata\" controls=\"controls\"><source type=\"video\/mp4\" src=\"http:\/\/berguzar.com.tr\/wp-content\/uploads\/2020\/12\/WhatsApp-Video-2020-12-27-at-9.24.20-AM.mp4?_=1\" \/><a href=\"http:\/\/berguzar.com.tr\/wp-content\/uploads\/2020\/12\/WhatsApp-Video-2020-12-27-at-9.24.20-AM.mp4\">http:\/\/berguzar.com.tr\/wp-content\/uploads\/2020\/12\/WhatsApp-Video-2020-12-27-at-9.24.20-AM.mp4<\/a><\/video><\/div>\n<p>Daha fazla bilgi i\u00e7in l\u00fctfen bizimle <a href=\"http:\/\/berguzar.com.tr\/index.php\/tr\/ilgili-kisi\/\">irtibata ge\u00e7iniz<\/a>.<\/p>\n<p>Te\u015fekk\u00fcrler!<\/p>\n","protected":false},"excerpt":{"rendered":"<p>Berg\u00fczar \u015earap\u00e7\u0131l\u0131k sitesine ho\u015f geldiniz T\u00fcrkiye&#8217;de,\u00a0Denizli ili Selcen \/\u00c7al b\u00f6lgesinde bulunan \u00a0bir \u015faraphaneyiz. \u015earaphanemiz 880 metrenin \u00fczerinde rak\u0131mda yeralmaktad\u0131r. \u00dcz\u00fcm ba\u011flar\u0131 ile \u00e7evrili, \u015faraphanemizde i\u015flenen \u00fcz\u00fcmler \u00a0bize daha kaliteli ve verimli \u00fcr\u00fcn \u00fcretme imkan\u0131 var\u0131r \u00a0b\u00f6ylece bizim \u015faraplar benzersiz ve taze aromalar ile dopdolu olmas\u0131n\u0131 sa\u011flar. Biz Calkarasi, Misket, Okuzgozu yan\u0131nda \u00a0Merlot ve Cabernet gibi &hellip; <\/p>\n<p class=\"link-more\"><a href=\"http:\/\/berguzar.com.tr\/index.php\/tr\/ev\/\" class=\"more-link\">Continue reading<span class=\"screen-reader-text\"> &#8220;Ana sayfa&#8221;<\/span><\/a><\/p>\n","protected":false},"author":2,"featured_media":0,"parent":0,"menu_order":1,"comment_status":"closed","ping_status":"closed","template":"","meta":{"om_disable_all_campaigns":false,"_monsterinsights_skip_tracking":false,"_monsterinsights_sitenote_active":false,"_monsterinsights_sitenote_note":"","_monsterinsights_sitenote_category":0,"jetpack_post_was_ever_published":false},"jetpack_sharing_enabled":true,"jetpack_shortlink":"https:\/\/wp.me\/P95myZ-3S","_links":{"self":[{"href":"http:\/\/berguzar.com.tr\/index.php\/wp-json\/wp\/v2\/pages\/240"}],"collection":[{"href":"http:\/\/berguzar.com.tr\/index.php\/wp-json\/wp\/v2\/pages"}],"about":[{"href":"http:\/\/berguzar.com.tr\/index.php\/wp-json\/wp\/v2\/types\/page"}],"author":[{"embeddable":true,"href":"http:\/\/berguzar.com.tr\/index.php\/wp-json\/wp\/v2\/users\/2"}],"replies":[{"embeddable":true,"href":"http:\/\/berguzar.com.tr\/index.php\/wp-json\/wp\/v2\/comments?post=240"}],"version-history":[{"count":4,"href":"http:\/\/berguzar.com.tr\/index.php\/wp-json\/wp\/v2\/pages\/240\/revisions"}],"predecessor-version":[{"id":265,"href":"http:\/\/berguzar.com.tr\/index.php\/wp-json\/wp\/v2\/pages\/240\/revisions\/265"}],"wp:attachment":[{"href":"http:\/\/berguzar.com.tr\/index.php\/wp-json\/wp\/v2\/media?parent=240"}],"curies":[{"name":"wp","href":"https:\/\/api.w.org\/{rel}","templated":true}]}}